{"id":93,"date":"2020-03-26T15:23:43","date_gmt":"2020-03-26T14:23:43","guid":{"rendered":"http:\/\/www.masologne.org\/WP\/?page_id=93"},"modified":"2022-09-30T11:46:07","modified_gmt":"2022-09-30T09:46:07","slug":"genealogie","status":"publish","type":"page","link":"https:\/\/www.masologne.org\/WP\/genealogie\/","title":{"rendered":"G\u00e9n\u00e9alogie"},"content":{"rendered":"\n\n<div class=\"su-posts su-posts-default-loop \">\n\n\t\n\t\t\t\t\t\n\t\t\t\n\t\t\t<div id=\"su-post-78\" class=\"su-post \">\n\n\t\t\t\t\n\t\t\t\t<h2 class=\"su-post-title\"><a href=\"https:\/\/www.masologne.org\/WP\/etymologie-des-patronymes\/\">Etymologie des Patronymes<\/a><\/h2>\n\n\t\t\t\t<div class=\"su-post-meta\">\n\t\t\t\t\tPubli\u00e9: 25 mars 2020\t\t\t\t<\/div>\n\n\t\t\t\t<div class=\"su-post-excerpt\">\n\t\t\t\t\t<p>La plupart des noms de famille ont \u00e9t\u00e9 form\u00e9s \u00e0 partir de quatre sources principales\u00a0: Le nom individuel ou nom de bapt\u00eame&nbsp;: il peut \u00eatre d\u2019origine latine ou germanique, AUGER, BAUDOUIN, OLIVIER, ROLAND&nbsp;; diminutif, MASSET, ou hypocoristique, GARNON, PINON\u2026 L\u2019origine ou lieu de r\u00e9sidence&nbsp;: DORL\u00c9ANS, LIMOUSIN, PICARD, CHESNEAU, BUISSON \u2026 La place du quidam dans le groupe social&nbsp;: le m\u00e9tier, BOIRE, CHARPENTIER, MEUNIER, COUTURIER . la parent\u00e9, WILLIAMSON (fils de WILLIAM), LEGENDRE, BEAUFILS, NEVEU, COUSIN \u2026 Un sobriquet se r\u00e9f\u00e9rant&#8230;<\/p>\n<p class=\"read-more\"><a class=\"btn btn-default\" href=\"https:\/\/www.masologne.org\/WP\/etymologie-des-patronymes\/\">Lire la suite<span class=\"screen-reader-text\"> Lire la suite<\/span><\/a><\/p>\n\t\t\t\t<\/div>\n\n\t\t\t\t\n\t\t\t<\/div>\n\n\t\t\t\t\t\n\t\t\t\n\t\t\t<div id=\"su-post-112\" class=\"su-post \">\n\n\t\t\t\t\n\t\t\t\t<h2 class=\"su-post-title\"><a href=\"https:\/\/www.masologne.org\/WP\/hit-des-prenoms-feminin\/\">Hit des pr\u00e9noms f\u00e9minins<\/a><\/h2>\n\n\t\t\t\t<div class=\"su-post-meta\">\n\t\t\t\t\tPubli\u00e9: 26 mars 2020\t\t\t\t<\/div>\n\n\t\t\t\t<div class=\"su-post-excerpt\">\n\t\t\t\t\t<p>AAchille&nbsp;; Ad\u00e9la\u00efde&nbsp;; Ad\u00e8le&nbsp;; Adeline&nbsp;; Adrianne&nbsp;; Adrienne&nbsp;; Agathe&nbsp;; Agla\u00e9&nbsp;; Agn\u00e8s&nbsp;; Ahisse&nbsp;; Aignane&nbsp;; Aime&nbsp;; Aim\u00e9e&nbsp;; Albane&nbsp;; Albertine&nbsp;; Alex&nbsp;; Alexandrine&nbsp;; Alice&nbsp;; Aline&nbsp;; Alix&nbsp;; Alphonsine&nbsp;; Amandine&nbsp;; Amaury&nbsp;; Ambroise&nbsp;; Ambroisine&nbsp;; Am\u00e9lie&nbsp;; Anastasie&nbsp;; Anatolie&nbsp;; Andr\u00e9a&nbsp;; Andr\u00e9e&nbsp;; Ange&nbsp;; Angela&nbsp;; Ang\u00e8le&nbsp;; Angelina&nbsp;; Ang\u00e9line&nbsp;; Ang\u00e9lique&nbsp;; Angevine&nbsp;; Anita&nbsp;; Anna&nbsp;; Annaelle&nbsp;; Anne&nbsp;; Annette&nbsp;; Annick&nbsp;; Annie&nbsp;; Antoinette, Anthoinette&nbsp;; Antonia&nbsp;; Antonine&nbsp;; Appoline&nbsp;; Arlette&nbsp;; Armance, Armence&nbsp;; Armande&nbsp;; Armandine&nbsp;; Arm\u00e9nie&nbsp;; Aroma&nbsp;; Art\u00e9mise&nbsp;; Aubine&nbsp;; Aude&nbsp;; Audrey&nbsp;; Augustine&nbsp;; Aur\u00e9lie&nbsp;; Aurore&nbsp;; Avertine&nbsp;; Avoye&nbsp;; Axelle BBaptiste&nbsp;; Barbara&nbsp;; Barbe&nbsp;; Barnab\u00e9e&nbsp;; Barth\u00e9l\u00e9mie&nbsp;; Bastienne&nbsp;; Beata&nbsp;; B\u00e9atrice&nbsp;; Beno\u00eete&nbsp;; Bernadette&nbsp;; Bernarde&nbsp;; Bernardine&nbsp;; Berthe&nbsp;; Bertheline&nbsp;;&#8230;<\/p>\n<p class=\"read-more\"><a class=\"btn btn-default\" href=\"https:\/\/www.masologne.org\/WP\/hit-des-prenoms-feminin\/\">Lire la suite<span class=\"screen-reader-text\"> Lire la suite<\/span><\/a><\/p>\n\t\t\t\t<\/div>\n\n\t\t\t\t\n\t\t\t<\/div>\n\n\t\t\t\t\t\n\t\t\t\n\t\t\t<div id=\"su-post-110\" class=\"su-post \">\n\n\t\t\t\t\n\t\t\t\t<h2 class=\"su-post-title\"><a href=\"https:\/\/www.masologne.org\/WP\/hit-des-prenoms-masculins\/\">Hit des pr\u00e9noms masculins<\/a><\/h2>\n\n\t\t\t\t<div class=\"su-post-meta\">\n\t\t\t\t\tPubli\u00e9: 26 mars 2020\t\t\t\t<\/div>\n\n\t\t\t\t<div class=\"su-post-excerpt\">\n\t\t\t\t\t<p>AAbel&nbsp;; Ab\u00e9lard&nbsp;; Abraham&nbsp;; Abriel&nbsp;; Achille&nbsp;; Adam&nbsp;; Adolphe&nbsp;; Adrien, Adrian&nbsp;; Agnan&nbsp;; Aignan&nbsp;; Aimable&nbsp;; Aim\u00e9, Aym\u00e9&nbsp;; Alain&nbsp;; Albert&nbsp;; Alcide&nbsp;; Aldonce&nbsp;; Aldric&nbsp;; Alexandre&nbsp;; Alexis&nbsp;; Alfred&nbsp;; Almire&nbsp;; Alphonse&nbsp;; Amaury, Amauri&nbsp;; Ambroise&nbsp;; Am\u00e9d\u00e9e&nbsp;; Am\u00e9ric&nbsp;; Amour&nbsp;; Anatole&nbsp;; Anceau&nbsp;; Andr\u00e9&nbsp;; Ange&nbsp;; Anne&nbsp;; Annet&nbsp;; Anselme&nbsp;; Antoine, Anthoine&nbsp;; Antoinel&nbsp;; Antonin&nbsp;; Arcange&nbsp;; Archelet&nbsp;; Aristide&nbsp;; Armand&nbsp;; Arnaud, Arnault&nbsp;; Arnoult&nbsp;; Ars\u00e8ne&nbsp;; Arthur&nbsp;; Attila&nbsp;; Aubin&nbsp;; Auguste&nbsp;; Augustin&nbsp;; Aunge&nbsp;; Aur\u00e9lien&nbsp;; Avertin BBalthazar&nbsp;; Baptiste&nbsp;; Barbe&nbsp;; Barnab\u00e9&nbsp;; Barry&nbsp;; Barth\u00e9l\u00e9my&nbsp;; Basile&nbsp;; Bastian&nbsp;; Bastien&nbsp;; Beniek&nbsp;; Benjamin&nbsp;; Benoist, Beno\u00eet&nbsp;; Bernard&nbsp;; Bernardin&nbsp;; Bertrand, Berteran, Bertheran&nbsp;; B\u00e9thaire&nbsp;; Blaise, Blaize&nbsp;; Blasius&nbsp;; Bohaire&nbsp;;&#8230;<\/p>\n<p class=\"read-more\"><a class=\"btn btn-default\" href=\"https:\/\/www.masologne.org\/WP\/hit-des-prenoms-masculins\/\">Lire la suite<span class=\"screen-reader-text\"> Lire la suite<\/span><\/a><\/p>\n\t\t\t\t<\/div>\n\n\t\t\t\t\n\t\t\t<\/div>\n\n\t\t\t\t\t\n\t\t\t\n\t\t\t<div id=\"su-post-81\" class=\"su-post \">\n\n\t\t\t\t\n\t\t\t\t<h2 class=\"su-post-title\"><a href=\"https:\/\/www.masologne.org\/WP\/la-genealogie-en-sologne-des-familles\/\">La g\u00e9n\u00e9alogie en sologne des familles :<\/a><\/h2>\n\n\t\t\t\t<div class=\"su-post-meta\">\n\t\t\t\t\tPubli\u00e9: 25 mars 2020\t\t\t\t<\/div>\n\n\t\t\t\t<div class=\"su-post-excerpt\">\n\t\t\t\t\t<p>ALLARD, AMIOT, ARRAULT, AUBERT, AUGER, BAGUENAULT, BAILLY, BARBOU, BARILLET, BARON, BAUCHARD, BEAUSSIER, BEIGNET, BELIN, BELOT, BERLU, BERTHELIN, BERTIN, B\u00c9RU\u00c9, BESNARD, BESSON, BIDON, BIGOT, BILLAULT, BLANCHARD, BLONDEAU, BLOT, BODIN, BOISON, BOISSEAU, BONNARD, BONNEAU, BONSIGNE, BORDIER, BOUCHER, BOULLAY, BOURREAU, BOUTELOUP, BOUTET, BRANCHU, BRETON, BRINAS, BRIQUET, BRISEMUR, BRISSET, BROCHET, BROSSARD, BRUNEAU, CAILLARD, CALLE, CALLU, CARR\u00c9, CAZIN, CERFEUILLET, CHANTIER, CHARBONNIER, CHAUFOUR, CHAUVEAU, CHAVIGNY, CH\u00c9REAU, CH\u00c9RY, CHESNEAU, CHEVALIER, CHOLET, CL\u00c9MENT, COLIN, CORBEAU, CORNICHON, COUAULT, COUETTE, COUPEAU, COUPECHOUX, COURTAS, COURTOIS, DABIN, DANGER, DARIDAN, DAVID, DEBOUT, DEFAINS,&#8230;<\/p>\n<p class=\"read-more\"><a class=\"btn btn-default\" href=\"https:\/\/www.masologne.org\/WP\/la-genealogie-en-sologne-des-familles\/\">Lire la suite<span class=\"screen-reader-text\"> Lire la suite<\/span><\/a><\/p>\n\t\t\t\t<\/div>\n\n\t\t\t\t\n\t\t\t<\/div>\n\n\t\t\t\t\t\n\t\t\t\n\t\t\t<div id=\"su-post-154\" class=\"su-post \">\n\n\t\t\t\t\n\t\t\t\t<h2 class=\"su-post-title\"><a href=\"https:\/\/www.masologne.org\/WP\/statistiques-du-dernier-gedcom\/\">statistiques du dernier GEDCOM<\/a><\/h2>\n\n\t\t\t\t<div class=\"su-post-meta\">\n\t\t\t\t\tPubli\u00e9: 29 septembre 2022\t\t\t\t<\/div>\n\n\t\t\t\t<div class=\"su-post-excerpt\">\n\t\t\t\t\t<p>Dernier chargement du GEDCOM : 25\/05\/2010 LIEN Individus 65235 Patronymes 7445 Couples 29262 Evenements 88245 Naissance la + ancienne 1516 Guillaume MANGEARD \u00b003.01.1516 &#8211; Le Louroux-B\u00e9connais, 49 D\u00e9c\u00e8s le + ancien 1570 Henrica MABIT + 21.12.1570 &#8211; Anetz, 44 Naissance la + r\u00e9cente 2010 Symie COUDERC- -TIBERGHIEN &#8211; 03.08.2010 \u00e0 St Jory, 31490, Haute-Garonne, FRANCE D\u00e9c\u00e8s le + r\u00e9cent 2010 Jeanne CHEPTOU &#8211; le 09.06.2010 \u00e0 Chalonnes-sur-Loire, 49, Maine-et-Loire, FRANCE Mariage le + ancien 1571 Laurent POIRIER &#8211; Jehanne AUBERT&#8230;<\/p>\n<p class=\"read-more\"><a class=\"btn btn-default\" href=\"https:\/\/www.masologne.org\/WP\/statistiques-du-dernier-gedcom\/\">Lire la suite<span class=\"screen-reader-text\"> Lire la suite<\/span><\/a><\/p>\n\t\t\t\t<\/div>\n\n\t\t\t\t\n\t\t\t<\/div>\n\n\t\t\n\t\n<\/div>\n\n\n\n\n<hr class=\"wp-block-separator has-alpha-channel-opacity\"\/>\n\n\n\n<h2 class=\"wp-block-heading\">Nos recherches<\/h2>\n\n\n\n\n<div class=\"su-posts su-posts-default-loop \">\n\n\t\n\t\t\t\t\t\n\t\t\t\n\t\t\t<div id=\"su-post-103\" class=\"su-post \">\n\n\t\t\t\t\n\t\t\t\t<h2 class=\"su-post-title\"><a href=\"https:\/\/www.masologne.org\/WP\/indre-ou-indre-et-loire\/\">Indre ou Indre et Loire<\/a><\/h2>\n\n\t\t\t\t<div class=\"su-post-meta\">\n\t\t\t\t\tPubli\u00e9: 26 mars 2020\t\t\t\t<\/div>\n\n\t\t\t\t<div class=\"su-post-excerpt\">\n\t\t\t\t\t<p>\u00e9poux \u00e9pouse quand, o\u00f9 Pichet Jean Roulier Jeanne Vers 1730 r\u00e9gion Lye&nbsp;? caraty Jean Danger Marie Vers 1735 r\u00e9gion Lye&nbsp;? Moran, ou Morin Jean M\u00e9ri\u00e9&nbsp;? Anne \u00e0 Paulmery, 36&nbsp;? &lt; 1742<\/p>\n\t\t\t\t<\/div>\n\n\t\t\t\t\n\t\t\t<\/div>\n\n\t\t\t\t\t\n\t\t\t\n\t\t\t<div id=\"su-post-108\" class=\"su-post \">\n\n\t\t\t\t\n\t\t\t\t<h2 class=\"su-post-title\"><a href=\"https:\/\/www.masologne.org\/WP\/loir-et-cher\/\">Loir et Cher<\/a><\/h2>\n\n\t\t\t\t<div class=\"su-post-meta\">\n\t\t\t\t\tPubli\u00e9: 26 mars 2020\t\t\t\t<\/div>\n\n\t\t\t\t<div class=\"su-post-excerpt\">\n\t\t\t\t\t<p>\u00e9poux \u00e9pouse quand, o\u00f9 Desnoux &nbsp;? Emery (Mery) Marie Soings&nbsp;? vers 1710 Laclos Michel Blondet Marie Pas \u00e0 Fresnes vers 1730 Rousseau Jacques Vitet Catherine Vers1705 r\u00e9gion Monthou sur Cher ou 37 Contault Pierre Leli\u00e8vre Anne &nbsp;1710 Veilleins, Courmemin&nbsp;? Lanthenay&nbsp;?<\/p>\n\t\t\t\t<\/div>\n\n\t\t\t\t\n\t\t\t<\/div>\n\n\t\t\n\t\n<\/div>\n\n","protected":false},"excerpt":{"rendered":"<p>Nos recherches<\/p>\n","protected":false},"author":1,"featured_media":0,"parent":0,"menu_order":0,"comment_status":"closed","ping_status":"closed","template":"","meta":{"ngg_post_thumbnail":0,"footnotes":""},"class_list":["post-93","page","type-page","status-publish","hentry"],"_links":{"self":[{"href":"https:\/\/www.masologne.org\/WP\/wp-json\/wp\/v2\/pages\/93","targetHints":{"allow":["GET"]}}],"collection":[{"href":"https:\/\/www.masologne.org\/WP\/wp-json\/wp\/v2\/pages"}],"about":[{"href":"https:\/\/www.masologne.org\/WP\/wp-json\/wp\/v2\/types\/page"}],"author":[{"embeddable":true,"href":"https:\/\/www.masologne.org\/WP\/wp-json\/wp\/v2\/users\/1"}],"replies":[{"embeddable":true,"href":"https:\/\/www.masologne.org\/WP\/wp-json\/wp\/v2\/comments?post=93"}],"version-history":[{"count":8,"href":"https:\/\/www.masologne.org\/WP\/wp-json\/wp\/v2\/pages\/93\/revisions"}],"predecessor-version":[{"id":201,"href":"https:\/\/www.masologne.org\/WP\/wp-json\/wp\/v2\/pages\/93\/revisions\/201"}],"wp:attachment":[{"href":"https:\/\/www.masologne.org\/WP\/wp-json\/wp\/v2\/media?parent=93"}],"curies":[{"name":"wp","href":"https:\/\/api.w.org\/{rel}","templated":true}]}}