{"id":383,"date":"2025-10-02T16:45:16","date_gmt":"2025-10-02T14:45:16","guid":{"rendered":"https:\/\/www.masologne.org\/WP\/?page_id=383"},"modified":"2025-10-02T16:45:16","modified_gmt":"2025-10-02T14:45:16","slug":"les-expressions","status":"publish","type":"page","link":"https:\/\/www.masologne.org\/WP\/les-expressions\/","title":{"rendered":"Les expressions"},"content":{"rendered":"\n\n<div class=\"su-posts su-posts-default-loop \">\n\n\t\n\t\t\t\t\t\n\t\t\t\n\t\t\t<div id=\"su-post-386\" class=\"su-post \">\n\n\t\t\t\t\n\t\t\t\t<h2 class=\"su-post-title\"><a href=\"https:\/\/www.masologne.org\/WP\/le-partage-de-cormeray\/\">Le partage de Cormeray<\/a><\/h2>\n\n\t\t\t\t<div class=\"su-post-meta\">\n\t\t\t\t\tPubli\u00e9: 2 octobre 2025\t\t\t\t<\/div>\n\n\t\t\t\t<div class=\"su-post-excerpt\">\n\t\t\t\t\t<p>Cormeray a toujours \u00e9t\u00e9 un hameau de la commune de Chitenay. Au tout d\u00e9but du XIX\u00e8me si\u00e8cle, prenant pr\u00e9texte que les 3,5 km de mauvais chemins vicinaux reliant Cormeray \u00e0 Chitenay sont impraticables en hiver, les habitants se sont cotis\u00e9s pour faire construire une chapelle.En 1820, les pas-encore Cormeraisiens demandent que cette chapelle soit \u00e9rig\u00e9e en succursale de la paroisse de Chitenay, puis encourag\u00e9s par leur succ\u00e8s adressent au pr\u00e9fet une p\u00e9tition demandant que le hameau devienne commune, avec, \u00e0&#8230;<\/p>\n<p class=\"read-more\"><a class=\"btn btn-default\" href=\"https:\/\/www.masologne.org\/WP\/le-partage-de-cormeray\/\">Lire la suite<span class=\"screen-reader-text\"> Lire la suite<\/span><\/a><\/p>\n\t\t\t\t<\/div>\n\n\t\t\t\t\n\t\t\t<\/div>\n\n\t\t\t\t\t\n\t\t\t\n\t\t\t<div id=\"su-post-390\" class=\"su-post \">\n\n\t\t\t\t\n\t\t\t\t<h2 class=\"su-post-title\"><a href=\"https:\/\/www.masologne.org\/WP\/les-sambinois-sont-betes-a-se-taper-la-tete-sur-la-pierre-de-bois\/\">Les sambinois sont b\u00eates \u00e0\u00a0 se taper la t\u00eate sur la pierre de bois<\/a><\/h2>\n\n\t\t\t\t<div class=\"su-post-meta\">\n\t\t\t\t\tPubli\u00e9: 2 octobre 2025\t\t\t\t<\/div>\n\n\t\t\t\t<div class=\"su-post-excerpt\">\n\t\t\t\t\t<p>J&rsquo;ai souvent entendu ce dicton quand j&rsquo;allais, enfant, en vacances \u00e0 Ouchamps village voisin de Sambin. Il me laissait tr\u00e8s perplexe ! Et encore plus quand j&rsquo;ai eu l&rsquo;occasion de conna\u00eetre les Sambinois que j&rsquo;appr\u00e9cie au point de penser \u00e0 finir mes jours parmi eux. La pierre \u00e0 d\u00e9b\u00eater ou la pierre de bois D\u00e9truite au 19\u00e8me si\u00e8cle, l&rsquo;ancienne Eglise du 12\u00e8me si\u00e8cle poss\u00e9dait, dans sa crypte, une fontaine miraculeuse.Cette fontaine existe toujours et on peut la voir \u00e0 gauche&#8230;<\/p>\n<p class=\"read-more\"><a class=\"btn btn-default\" href=\"https:\/\/www.masologne.org\/WP\/les-sambinois-sont-betes-a-se-taper-la-tete-sur-la-pierre-de-bois\/\">Lire la suite<span class=\"screen-reader-text\"> Lire la suite<\/span><\/a><\/p>\n\t\t\t\t<\/div>\n\n\t\t\t\t\n\t\t\t<\/div>\n\n\t\t\t\t\t\n\t\t\t\n\t\t\t<div id=\"su-post-388\" class=\"su-post \">\n\n\t\t\t\t\n\t\t\t\t<h2 class=\"su-post-title\"><a href=\"https:\/\/www.masologne.org\/WP\/tout-droit-chambord\/\">Tout droit Chambord<\/a><\/h2>\n\n\t\t\t\t<div class=\"su-post-meta\">\n\t\t\t\t\tPubli\u00e9: 2 octobre 2025\t\t\t\t<\/div>\n\n\t\t\t\t<div class=\"su-post-excerpt\">\n\t\t\t\t\t<p>Faisant r\u00e9f\u00e9rence \u00e0 tous les chemins en \u00e9toile qui partent du ch\u00e2teau de Chambord, \u00e9quivalent local de \u00ab\u00a0tous les chemins m\u00e8nent \u00e0 Rome\u00a0\u00bb<\/p>\n\t\t\t\t<\/div>\n\n\t\t\t\t\n\t\t\t<\/div>\n\n\t\t\n\t\n<\/div>\n\n","protected":false},"excerpt":{"rendered":"","protected":false},"author":1,"featured_media":0,"parent":0,"menu_order":0,"comment_status":"closed","ping_status":"closed","template":"","meta":{"ngg_post_thumbnail":0,"footnotes":""},"class_list":["post-383","page","type-page","status-publish","hentry"],"_links":{"self":[{"href":"https:\/\/www.masologne.org\/WP\/wp-json\/wp\/v2\/pages\/383","targetHints":{"allow":["GET"]}}],"collection":[{"href":"https:\/\/www.masologne.org\/WP\/wp-json\/wp\/v2\/pages"}],"about":[{"href":"https:\/\/www.masologne.org\/WP\/wp-json\/wp\/v2\/types\/page"}],"author":[{"embeddable":true,"href":"https:\/\/www.masologne.org\/WP\/wp-json\/wp\/v2\/users\/1"}],"replies":[{"embeddable":true,"href":"https:\/\/www.masologne.org\/WP\/wp-json\/wp\/v2\/comments?post=383"}],"version-history":[{"count":1,"href":"https:\/\/www.masologne.org\/WP\/wp-json\/wp\/v2\/pages\/383\/revisions"}],"predecessor-version":[{"id":384,"href":"https:\/\/www.masologne.org\/WP\/wp-json\/wp\/v2\/pages\/383\/revisions\/384"}],"wp:attachment":[{"href":"https:\/\/www.masologne.org\/WP\/wp-json\/wp\/v2\/media?parent=383"}],"curies":[{"name":"wp","href":"https:\/\/api.w.org\/{rel}","templated":true}]}}