{"id":364,"date":"2025-10-02T16:24:25","date_gmt":"2025-10-02T14:24:25","guid":{"rendered":"https:\/\/www.masologne.org\/WP\/?page_id=364"},"modified":"2025-10-02T16:26:15","modified_gmt":"2025-10-02T14:26:15","slug":"pelerinage","status":"publish","type":"page","link":"https:\/\/www.masologne.org\/WP\/pelerinage\/","title":{"rendered":"P\u00e8lerinage"},"content":{"rendered":"\n\n<div class=\"su-posts su-posts-default-loop \">\n\n\t\n\t\t\t\t\t\n\t\t\t\n\t\t\t<div id=\"su-post-366\" class=\"su-post \">\n\n\t\t\t\t\n\t\t\t\t<h2 class=\"su-post-title\"><a href=\"https:\/\/www.masologne.org\/WP\/sainte-montaine-2\/\">Sainte Montaine<\/a><\/h2>\n\n\t\t\t\t<div class=\"su-post-meta\">\n\t\t\t\t\tPubli\u00e9: 2 octobre 2025\t\t\t\t<\/div>\n\n\t\t\t\t<div class=\"su-post-excerpt\">\n\t\t\t\t\t<p>\u00ab\u00a0La messe de 10h sera anim\u00e9e par le P\u00e8re Philippe Delaby, cur\u00e9 de Sancerre. Apr\u00e8s la procession \u00e0 la Belle fontaine (\u00ab A la fontaine bouillonnante et sacr\u00e9e les femmes allaient boire pour \u00eatre f\u00e9condes et ramenaient chez elles des cailloux r\u00e9colt\u00e9s sur les lieux \u00bb), un pique nique tir\u00e9 du sac r\u00e9unira tous ceux qui le d\u00e9sire \u00e0 la salle des f\u00eates de ce village travers\u00e9 par le m\u00e9ridien. Les v\u00eapres chant\u00e9es \u00e0 15h concluront la journ\u00e9e consacr\u00e9e \u00e0&#8230;<\/p>\n<p class=\"read-more\"><a class=\"btn btn-default\" href=\"https:\/\/www.masologne.org\/WP\/sainte-montaine-2\/\">Lire la suite<span class=\"screen-reader-text\"> Lire la suite<\/span><\/a><\/p>\n\t\t\t\t<\/div>\n\n\t\t\t\t\n\t\t\t<\/div>\n\n\t\t\n\t\n<\/div>\n\n","protected":false},"excerpt":{"rendered":"","protected":false},"author":1,"featured_media":0,"parent":0,"menu_order":0,"comment_status":"closed","ping_status":"closed","template":"","meta":{"ngg_post_thumbnail":0,"footnotes":""},"class_list":["post-364","page","type-page","status-publish","hentry"],"_links":{"self":[{"href":"https:\/\/www.masologne.org\/WP\/wp-json\/wp\/v2\/pages\/364","targetHints":{"allow":["GET"]}}],"collection":[{"href":"https:\/\/www.masologne.org\/WP\/wp-json\/wp\/v2\/pages"}],"about":[{"href":"https:\/\/www.masologne.org\/WP\/wp-json\/wp\/v2\/types\/page"}],"author":[{"embeddable":true,"href":"https:\/\/www.masologne.org\/WP\/wp-json\/wp\/v2\/users\/1"}],"replies":[{"embeddable":true,"href":"https:\/\/www.masologne.org\/WP\/wp-json\/wp\/v2\/comments?post=364"}],"version-history":[{"count":2,"href":"https:\/\/www.masologne.org\/WP\/wp-json\/wp\/v2\/pages\/364\/revisions"}],"predecessor-version":[{"id":369,"href":"https:\/\/www.masologne.org\/WP\/wp-json\/wp\/v2\/pages\/364\/revisions\/369"}],"wp:attachment":[{"href":"https:\/\/www.masologne.org\/WP\/wp-json\/wp\/v2\/media?parent=364"}],"curies":[{"name":"wp","href":"https:\/\/api.w.org\/{rel}","templated":true}]}}