{"id":345,"date":"2025-10-02T16:10:36","date_gmt":"2025-10-02T14:10:36","guid":{"rendered":"https:\/\/www.masologne.org\/WP\/?page_id=345"},"modified":"2025-10-02T16:15:29","modified_gmt":"2025-10-02T14:15:29","slug":"les-saints","status":"publish","type":"page","link":"https:\/\/www.masologne.org\/WP\/les-saints\/","title":{"rendered":"Les Saints"},"content":{"rendered":"\n\n<div class=\"su-posts su-posts-default-loop \">\n\n\t\n\t\t\t\t\t\n\t\t\t\n\t\t\t<div id=\"su-post-360\" class=\"su-post \">\n\n\t\t\t\t\n\t\t\t\t<h2 class=\"su-post-title\"><a href=\"https:\/\/www.masologne.org\/WP\/saint-baumer\/\">Saint Baumer<\/a><\/h2>\n\n\t\t\t\t<div class=\"su-post-meta\">\n\t\t\t\t\tPubli\u00e9: 2 octobre 2025\t\t\t\t<\/div>\n\n\t\t\t\t<div class=\"su-post-excerpt\">\n\t\t\t\t\t<p>C&rsquo;est \u00e0\u00a0 Bauzy que l&rsquo;on c\u00e9l\u00e9brait ce saint. Saint Bommaire ou Bomer ou Baumer est le bon saint de Bauzy et le saint patron de l&rsquo;\u00e9glise. Sa f\u00eate se c\u00e9l\u00e9brait autrefois le 3 novembre.Saint Baumer ou encore Beaudemire\u00a0 est n\u00e9 dans le dioc\u00e8se de Chartres il fut confi\u00e9 \u00e0 l\u2019\u00e9v\u00eaque Solenne.Il \u00e9tait diacre du couvent de Chabris-sur-Cher lorsqu\u2019il quitta le couvent pour accompagner saint Dy\u00e9\u00a0 qui s&rsquo;\u00e9tait \u00e9tabli sur les bords de la Loire vers 460 pour y vivre en&#8230;<\/p>\n<p class=\"read-more\"><a class=\"btn btn-default\" href=\"https:\/\/www.masologne.org\/WP\/saint-baumer\/\">Lire la suite<span class=\"screen-reader-text\"> Lire la suite<\/span><\/a><\/p>\n\t\t\t\t<\/div>\n\n\t\t\t\t\n\t\t\t<\/div>\n\n\t\t\t\t\t\n\t\t\t\n\t\t\t<div id=\"su-post-356\" class=\"su-post \">\n\n\t\t\t\t\t\t\t\t\t<a class=\"su-post-thumbnail\" href=\"https:\/\/www.masologne.org\/WP\/saint-caprais\/\"><img loading=\"lazy\" decoding=\"async\" width=\"196\" height=\"270\" src=\"https:\/\/www.masologne.org\/WP\/wp-content\/uploads\/2025\/10\/Agen_Cathedrale_Saint-Caprais_-_Statue_de_Saint_Caprais_1844_-_Louis_Rochet_PalissyPM47000501-196x270.jpg\" class=\"attachment-post-thumbnail size-post-thumbnail wp-post-image\" alt=\"\" srcset=\"https:\/\/www.masologne.org\/WP\/wp-content\/uploads\/2025\/10\/Agen_Cathedrale_Saint-Caprais_-_Statue_de_Saint_Caprais_1844_-_Louis_Rochet_PalissyPM47000501-196x270.jpg 196w, https:\/\/www.masologne.org\/WP\/wp-content\/uploads\/2025\/10\/Agen_Cathedrale_Saint-Caprais_-_Statue_de_Saint_Caprais_1844_-_Louis_Rochet_PalissyPM47000501-218x300.jpg 218w, https:\/\/www.masologne.org\/WP\/wp-content\/uploads\/2025\/10\/Agen_Cathedrale_Saint-Caprais_-_Statue_de_Saint_Caprais_1844_-_Louis_Rochet_PalissyPM47000501-743x1024.jpg 743w, https:\/\/www.masologne.org\/WP\/wp-content\/uploads\/2025\/10\/Agen_Cathedrale_Saint-Caprais_-_Statue_de_Saint_Caprais_1844_-_Louis_Rochet_PalissyPM47000501-768x1059.jpg 768w, https:\/\/www.masologne.org\/WP\/wp-content\/uploads\/2025\/10\/Agen_Cathedrale_Saint-Caprais_-_Statue_de_Saint_Caprais_1844_-_Louis_Rochet_PalissyPM47000501.jpg 800w\" sizes=\"auto, (max-width: 196px) 100vw, 196px\" \/><\/a>\n\t\t\t\t\n\t\t\t\t<h2 class=\"su-post-title\"><a href=\"https:\/\/www.masologne.org\/WP\/saint-caprais\/\">Saint Caprais<\/a><\/h2>\n\n\t\t\t\t<div class=\"su-post-meta\">\n\t\t\t\t\tPubli\u00e9: 2 octobre 2025\t\t\t\t<\/div>\n\n\t\t\t\t<div class=\"su-post-excerpt\">\n\t\t\t\t\t<p>Fontaine de Saint Caprais \u00c3\u00a0 Yvoy-le-Marron autrefois nomm\u00e9 Yvoy-le-Galeux D\u2019apr\u00e8s le grand livre des Saints il y a deux Saint CapraisL\u2019un, Ap\u00f4tre d\u2019Agen, fut consid\u00e9r\u00e9 comme le 1er \u00e9v\u00eaque de ce dioc\u00e8se. Il se r\u00e9fugia dans une grotte pour \u00e9chapper \u00e0 la pers\u00e9cution de Maximien mais honteux devant le martyre courageux de la petite Sainte Foy de 12 ans, il se pr\u00e9senta au procureur Dacien, confessa sa foi et fut d\u00e9capit\u00e9 vers 290.Le secondSaint Caprais de L\u00e9rins, directeur spirituel de&#8230;<\/p>\n<p class=\"read-more\"><a class=\"btn btn-default\" href=\"https:\/\/www.masologne.org\/WP\/saint-caprais\/\">Lire la suite<span class=\"screen-reader-text\"> Lire la suite<\/span><\/a><\/p>\n\t\t\t\t<\/div>\n\n\t\t\t\t\n\t\t\t<\/div>\n\n\t\t\t\t\t\n\t\t\t\n\t\t\t<div id=\"su-post-354\" class=\"su-post \">\n\n\t\t\t\t\n\t\t\t\t<h2 class=\"su-post-title\"><a href=\"https:\/\/www.masologne.org\/WP\/saint-genou\/\">Saint Genou<\/a><\/h2>\n\n\t\t\t\t<div class=\"su-post-meta\">\n\t\t\t\t\tPubli\u00e9: 2 octobre 2025\t\t\t\t<\/div>\n\n\t\t\t\t<div class=\"su-post-excerpt\">\n\t\t\t\t\t<p>ou Saint Genouph N\u00e9 \u00e0 Rome vers l&rsquo;an 230, GENULPHUS fut envoy\u00e9 avec son p\u00e8re GENITUS \u00e9vang\u00e9liser Cahors, de l\u00e0 ils mont\u00e8rent vers la Sologne. Ermite \u00e0 Selles-Saint-Denis en Sologne, au III\u00e8me\u00a0 si\u00e8cle. Sa {Vita} situe le lieu de sa pr\u00e9dication\u00a0 dans la civitas Geturnicensis ou (Ge)tur(o)nicensis, c&rsquo;est-\u00e0-dire Tours.L\u2019inscription carolingienne en l\u2019honneur de \u00ab GENVLPHVS \u00bb conserv\u00e9e \u00e0 Saint Genouph t\u00e9moigne de l\u2019anciennet\u00e9 du culte. Saint-Genou v\u00e9cu et mourut \u00e0 Selles-Saint-Denis, qui s&rsquo;appelait auparavant Saint-Genouph. Une fontaine, b\u00e2tie sur une&#8230;<\/p>\n<p class=\"read-more\"><a class=\"btn btn-default\" href=\"https:\/\/www.masologne.org\/WP\/saint-genou\/\">Lire la suite<span class=\"screen-reader-text\"> Lire la suite<\/span><\/a><\/p>\n\t\t\t\t<\/div>\n\n\t\t\t\t\n\t\t\t<\/div>\n\n\t\t\t\t\t\n\t\t\t\n\t\t\t<div id=\"su-post-358\" class=\"su-post \">\n\n\t\t\t\t\t\t\t\t\t<a class=\"su-post-thumbnail\" href=\"https:\/\/www.masologne.org\/WP\/saint-guerluchon\/\"><img loading=\"lazy\" decoding=\"async\" width=\"481\" height=\"270\" src=\"https:\/\/www.masologne.org\/WP\/wp-content\/uploads\/2025\/10\/guerluchon-481x270.webp\" class=\"attachment-post-thumbnail size-post-thumbnail wp-post-image\" alt=\"\" srcset=\"https:\/\/www.masologne.org\/WP\/wp-content\/uploads\/2025\/10\/guerluchon-481x270.webp 481w, https:\/\/www.masologne.org\/WP\/wp-content\/uploads\/2025\/10\/guerluchon-300x169.webp 300w, https:\/\/www.masologne.org\/WP\/wp-content\/uploads\/2025\/10\/guerluchon-768x431.webp 768w, https:\/\/www.masologne.org\/WP\/wp-content\/uploads\/2025\/10\/guerluchon.webp 1020w\" sizes=\"auto, (max-width: 481px) 100vw, 481px\" \/><\/a>\n\t\t\t\t\n\t\t\t\t<h2 class=\"su-post-title\"><a href=\"https:\/\/www.masologne.org\/WP\/saint-guerluchon\/\">Saint Guerluchon<\/a><\/h2>\n\n\t\t\t\t<div class=\"su-post-meta\">\n\t\t\t\t\tPubli\u00e9: 2 octobre 2025\t\t\t\t<\/div>\n\n\t\t\t\t<div class=\"su-post-excerpt\">\n\t\t\t\t\t<p>Source \u00e0\u00a0 M\u00e9nestreau-en-Villette -28 km SSE Orl\u00e9ans-\u00a0 Du pl\u00e2tre provenant de la statue de Saint Guerluchon plac\u00e9e au-dessus de la source du m\u00eame nom \u00e9tait d\u00e9lay\u00e9 dans l\u2019eau de la fontaine et bue par les m\u00e9nages st\u00e9riles. Du nom d&rsquo;un saint imaginaire gu\u00e9rissant la st\u00e9rilit\u00e9 (milieu XVI\u00e8me),\u00a0 vient peut-\u00eatre\u00a0 de grelot \u00abtesticule\u00bb, ou de grelu \u00abgueux\u00bb<\/p>\n\t\t\t\t<\/div>\n\n\t\t\t\t\n\t\t\t<\/div>\n\n\t\t\t\t\t\n\t\t\t\n\t\t\t<div id=\"su-post-362\" class=\"su-post \">\n\n\t\t\t\t\n\t\t\t\t<h2 class=\"su-post-title\"><a href=\"https:\/\/www.masologne.org\/WP\/saint-urbain\/\">Saint Urbain<\/a><\/h2>\n\n\t\t\t\t<div class=\"su-post-meta\">\n\t\t\t\t\tPubli\u00e9: 2 octobre 2025\t\t\t\t<\/div>\n\n\t\t\t\t<div class=\"su-post-excerpt\">\n\t\t\t\t\t\t\t\t\t<\/div>\n\n\t\t\t\t\n\t\t\t<\/div>\n\n\t\t\t\t\t\n\t\t\t\n\t\t\t<div id=\"su-post-352\" class=\"su-post \">\n\n\t\t\t\t\n\t\t\t\t<h2 class=\"su-post-title\"><a href=\"https:\/\/www.masologne.org\/WP\/sainte-corneille\/\">Sainte Corneille<\/a><\/h2>\n\n\t\t\t\t<div class=\"su-post-meta\">\n\t\t\t\t\tPubli\u00e9: 2 octobre 2025\t\t\t\t<\/div>\n\n\t\t\t\t<div class=\"su-post-excerpt\">\n\t\t\t\t\t<p>Une autre sainte Patronne de la Sologne \u00a0La fontaine de Sainte Corneille \u00e0 Jouy le Potier\u00a0 (20 km SSO Orl\u00e9ans) avait plusieurs propri\u00e9t\u00e9s :&#8211; les m\u00e8res y trempaient les v\u00eatements des enfants faibles, atteints de langueur ou se rongeant les ongles, &#8211; les couples en mal d\u2019enfants s\u2019y baignaient nus apr\u00e8s le coucher du soleil pour concevoir. De nos jours, une simple aspersion du ventre ou l\u2019ingestion d\u2019un peu d\u2019eau a remplac\u00e9 ce bain nocturne. La fontaine du ch\u00e2teau existait&#8230;<\/p>\n<p class=\"read-more\"><a class=\"btn btn-default\" href=\"https:\/\/www.masologne.org\/WP\/sainte-corneille\/\">Lire la suite<span class=\"screen-reader-text\"> Lire la suite<\/span><\/a><\/p>\n\t\t\t\t<\/div>\n\n\t\t\t\t\n\t\t\t<\/div>\n\n\t\t\t\t\t\n\t\t\t\n\t\t\t<div id=\"su-post-347\" class=\"su-post \">\n\n\t\t\t\t\n\t\t\t\t<h2 class=\"su-post-title\"><a href=\"https:\/\/www.masologne.org\/WP\/sainte-montaine\/\">Sainte Montaine<\/a><\/h2>\n\n\t\t\t\t<div class=\"su-post-meta\">\n\t\t\t\t\tPubli\u00e9: 2 octobre 2025\t\t\t\t<\/div>\n\n\t\t\t\t<div class=\"su-post-excerpt\">\n\t\t\t\t\t<p>Patronne de la SologneP\u00e8lerinage les lundis de Pentec\u00f4te \u00a0A Sainte Montaine dans le Cher, les femmes allaient boire \u00e0 la fontaine bouillonnante et sacr\u00e9e pour \u00eatre f\u00e9condes et ramenaient chez elles des cailloux r\u00e9colt\u00e9s sur les lieux.. Qui \u00e9tait Sainte Montaine ? Que sait-on sur elle ?A vrai dire, tr\u00e8s peu de chose, et surtout rien de certain. Elle fait partie de ces &#8211; bons saints &#8211; de Sologne, honor\u00e9s particuli\u00e8rement \u00e0 leur fontaine plus ou moins miraculeuse, invoqu\u00e9s pour&#8230;<\/p>\n<p class=\"read-more\"><a class=\"btn btn-default\" href=\"https:\/\/www.masologne.org\/WP\/sainte-montaine\/\">Lire la suite<span class=\"screen-reader-text\"> Lire la suite<\/span><\/a><\/p>\n\t\t\t\t<\/div>\n\n\t\t\t\t\n\t\t\t<\/div>\n\n\t\t\n\t\n<\/div>\n\n","protected":false},"excerpt":{"rendered":"","protected":false},"author":1,"featured_media":0,"parent":0,"menu_order":0,"comment_status":"closed","ping_status":"closed","template":"","meta":{"ngg_post_thumbnail":0,"footnotes":""},"class_list":["post-345","page","type-page","status-publish","hentry"],"_links":{"self":[{"href":"https:\/\/www.masologne.org\/WP\/wp-json\/wp\/v2\/pages\/345","targetHints":{"allow":["GET"]}}],"collection":[{"href":"https:\/\/www.masologne.org\/WP\/wp-json\/wp\/v2\/pages"}],"about":[{"href":"https:\/\/www.masologne.org\/WP\/wp-json\/wp\/v2\/types\/page"}],"author":[{"embeddable":true,"href":"https:\/\/www.masologne.org\/WP\/wp-json\/wp\/v2\/users\/1"}],"replies":[{"embeddable":true,"href":"https:\/\/www.masologne.org\/WP\/wp-json\/wp\/v2\/comments?post=345"}],"version-history":[{"count":2,"href":"https:\/\/www.masologne.org\/WP\/wp-json\/wp\/v2\/pages\/345\/revisions"}],"predecessor-version":[{"id":349,"href":"https:\/\/www.masologne.org\/WP\/wp-json\/wp\/v2\/pages\/345\/revisions\/349"}],"wp:attachment":[{"href":"https:\/\/www.masologne.org\/WP\/wp-json\/wp\/v2\/media?parent=345"}],"curies":[{"name":"wp","href":"https:\/\/api.w.org\/{rel}","templated":true}]}}