{"id":23,"date":"2020-03-25T17:24:47","date_gmt":"2020-03-25T16:24:47","guid":{"rendered":"http:\/\/www.masologne.org\/WP\/?page_id=23"},"modified":"2020-03-25T17:30:10","modified_gmt":"2020-03-25T16:30:10","slug":"pages-daccueil","status":"publish","type":"page","link":"https:\/\/www.masologne.org\/WP\/","title":{"rendered":"Nos Racines en Sologne"},"content":{"rendered":"\n<p style=\"text-align:center\">\n\nTante et neveu d\u00e9sirant remonter dans leur arbre, nous avons eu la surprise de nous trouver profond\u00e9ment enracin\u00e9 dans le sol de notre belle et bien-aim\u00e9e Sologne. Les branches s\u2019y croisent et recroisent dans les m\u00eames villages et aux m\u00eames \u00e9poques depuis plus de 500 ans. Au fil du temps et de l\u2019\u00e9volution de la famille, se sont greff\u00e9es des branches nous entra\u00eenant sous d\u2019autres cieux, notre \u00e9tude nous fit franchir la Loire, puis sortir du d\u00e9partement pour couvrir toute la r\u00e9gion Centre, les Pays de Loire, la Ni\u00e8vre, et maintenant la Drome et la Corse.<\/p>\n\n\n\n<div class=\"wp-block-image\"><figure class=\"aligncenter\"><img loading=\"lazy\" decoding=\"async\" width=\"200\" height=\"259\" src=\"http:\/\/www.masologne.org\/WP\/wp-content\/uploads\/2020\/03\/damienetnanou-2.jpg\" alt=\"\" class=\"wp-image-24\"\/><\/figure><\/div>\n\n\n\n<p style=\"text-align:center\">Lors de nos recherches, nous avons trouv\u00e9 de nombreux cousins qui nous ont aid\u00e9 \u00e0 composer ce grand r\u00e9seau familial. Un grand merci \u00e0 eux tous.<\/p>\n","protected":false},"excerpt":{"rendered":"<p>Tante et neveu d\u00e9sirant remonter dans leur arbre, nous avons eu la surprise de nous trouver profond\u00e9ment enracin\u00e9 dans le sol de notre belle et bien-aim\u00e9e Sologne. Les branches s\u2019y croisent et recroisent dans les m\u00eames villages et aux m\u00eames \u00e9poques depuis plus de 500 ans. Au fil du temps et de l\u2019\u00e9volution de la famille, se sont greff\u00e9es des branches nous entra\u00eenant sous d\u2019autres cieux, notre \u00e9tude nous fit franchir la Loire, puis sortir du d\u00e9partement pour couvrir toute&#8230;<\/p>\n<p class=\"read-more\"><a class=\"btn btn-default\" href=\"https:\/\/www.masologne.org\/WP\/\">Lire la suite<span class=\"screen-reader-text\"> Lire la suite<\/span><\/a><\/p>\n","protected":false},"author":1,"featured_media":0,"parent":0,"menu_order":0,"comment_status":"closed","ping_status":"closed","template":"","meta":{"ngg_post_thumbnail":0,"footnotes":""},"class_list":["post-23","page","type-page","status-publish","hentry"],"_links":{"self":[{"href":"https:\/\/www.masologne.org\/WP\/wp-json\/wp\/v2\/pages\/23","targetHints":{"allow":["GET"]}}],"collection":[{"href":"https:\/\/www.masologne.org\/WP\/wp-json\/wp\/v2\/pages"}],"about":[{"href":"https:\/\/www.masologne.org\/WP\/wp-json\/wp\/v2\/types\/page"}],"author":[{"embeddable":true,"href":"https:\/\/www.masologne.org\/WP\/wp-json\/wp\/v2\/users\/1"}],"replies":[{"embeddable":true,"href":"https:\/\/www.masologne.org\/WP\/wp-json\/wp\/v2\/comments?post=23"}],"version-history":[{"count":4,"href":"https:\/\/www.masologne.org\/WP\/wp-json\/wp\/v2\/pages\/23\/revisions"}],"predecessor-version":[{"id":28,"href":"https:\/\/www.masologne.org\/WP\/wp-json\/wp\/v2\/pages\/23\/revisions\/28"}],"wp:attachment":[{"href":"https:\/\/www.masologne.org\/WP\/wp-json\/wp\/v2\/media?parent=23"}],"curies":[{"name":"wp","href":"https:\/\/api.w.org\/{rel}","templated":true}]}}